{"id":25,"date":"2024-11-27T18:42:15","date_gmt":"2024-11-27T18:42:15","guid":{"rendered":"https:\/\/financas.uem.mz\/?page_id=25"},"modified":"2025-02-07T15:34:33","modified_gmt":"2025-02-07T15:34:33","slug":"home","status":"publish","type":"page","link":"https:\/\/financas.uem.mz\/","title":{"rendered":"Home"},"content":{"rendered":"\t\t<div data-elementor-type=\"wp-page\" data-elementor-id=\"25\" class=\"elementor elementor-25\">\n\t\t\t\t<div class=\"elementor-element elementor-element-2a40a1b e-flex e-con-boxed e-con e-parent\" data-id=\"2a40a1b\" data-element_type=\"container\">\n\t\t\t\t\t<div class=\"e-con-inner\">\n\t\t\t\t<div class=\"elementor-element elementor-element-40850dd elementor-widget elementor-widget-shortcode\" data-id=\"40850dd\" data-element_type=\"widget\" data-widget_type=\"shortcode.default\">\n\t\t\t\t<div class=\"elementor-widget-container\">\n\t\t\t\t\t<div class=\"elementor-shortcode\"><\/div>\n\t\t\t\t<\/div>\n\t\t\t\t<\/div>\n\t\t\t\t\t<\/div>\n\t\t\t\t<\/div>\n\t\t<div class=\"elementor-element elementor-element-4b30580 e-flex e-con-boxed e-con e-parent\" data-id=\"4b30580\" data-element_type=\"container\">\n\t\t\t\t\t<div class=\"e-con-inner\">\n\t\t\t\t<div class=\"elementor-element elementor-element-e797dca elementor-widget elementor-widget-heading\" data-id=\"e797dca\" data-element_type=\"widget\" data-settings=\"{&quot;_animation&quot;:&quot;none&quot;}\" data-widget_type=\"heading.default\">\n\t\t\t\t<div class=\"elementor-widget-container\">\n\t\t\t<h2 class=\"elementor-heading-title elementor-size-default\">Bem vindos a Direc\u00e7\u00e3o de Finan\u00e7as<\/h2>\t\t<\/div>\n\t\t\t\t<\/div>\n\t\t\t\t<div class=\"elementor-element elementor-element-f2e920b elementor-widget elementor-widget-text-editor\" data-id=\"f2e920b\" data-element_type=\"widget\" data-widget_type=\"text-editor.default\">\n\t\t\t\t<div class=\"elementor-widget-container\">\n\t\t\t\t\t\t\t<div>&nbsp;O nosso objectivo priorit\u00e1rio \u00e9 servir a comunidade universit\u00e1ria de maneira eficiente, pontual e com cortesia na materializa\u00e7\u00e3o da vis\u00e3o e miss\u00e3o institucional. As responsabilidades e desafios da Direc\u00e7\u00e3o de Finan\u00e7as est\u00e3o assentes na mobiliza\u00e7\u00e3o de recursos, sua aplica\u00e7\u00e3o e gest\u00e3o de forma racional e orientada na realiza\u00e7\u00e3o das actividades das unidades org\u00e2nicas UEM. Esta P\u00e1gina Web, serve para informar a comunidade universit\u00e1ria e todos os nossos parceiros sobre os objectivos da Direc\u00e7\u00e3o de Finan\u00e7as, \u00e2mbito das suas actividades, politicas e procedimentos institu\u00eddos na UEM, resultados das suas actividades, que incluem relat\u00f3rios financeiros, plano de actividades da UEM, assim como informa\u00e7\u00e3o relevante sobre os nossos colaboradores. Esta p\u00e1gina, tamb\u00e9m \u00e9 um meio atrav\u00e9s do qual a comunidade universit\u00e1ria e os nossos parceiros podem obter ferramentas de gest\u00e3o financeira, tais como: planilhas, formul\u00e1rios e modelos, para al\u00e9m de hiperliga\u00e7\u00f5es relacionados com os v\u00e1rios parceiros da Universidade Eduardo Mondlane.<\/div>\t\t\t\t\t\t<\/div>\n\t\t\t\t<\/div>\n\t\t\t\t\t<\/div>\n\t\t\t\t<\/div>\n\t\t<div class=\"elementor-element elementor-element-929fab1 e-flex e-con-boxed e-con e-parent\" data-id=\"929fab1\" data-element_type=\"container\">\n\t\t\t\t\t<div class=\"e-con-inner\">\n\t\t\t\t<div class=\"elementor-element elementor-element-bded5b0 elementor-widget elementor-widget-heading\" data-id=\"bded5b0\" data-element_type=\"widget\" data-widget_type=\"heading.default\">\n\t\t\t\t<div class=\"elementor-widget-container\">\n\t\t\t<h3 class=\"elementor-heading-title elementor-size-default\">Consulte alguns documentos \u00fateis<\/h3>\t\t<\/div>\n\t\t\t\t<\/div>\n\t\t\t\t\t<\/div>\n\t\t\t\t<\/div>\n\t\t<div class=\"elementor-element elementor-element-95018dd e-grid e-con-boxed e-con e-parent\" data-id=\"95018dd\" data-element_type=\"container\">\n\t\t\t\t\t<div class=\"e-con-inner\">\n\t\t<div class=\"elementor-element elementor-element-2821fec e-con-full e-flex e-con e-child\" data-id=\"2821fec\" data-element_type=\"container\">\n\t\t\t\t<div class=\"elementor-element elementor-element-7c05fa1 elementor-widget__width-initial ekit-equal-height-disable elementor-widget elementor-widget-elementskit-icon-box\" data-id=\"7c05fa1\" data-element_type=\"widget\" data-widget_type=\"elementskit-icon-box.default\">\n\t\t\t\t<div class=\"elementor-widget-container\">\n\t\t\t<div class=\"ekit-wid-con\" >        <!-- link opening -->\n                <a href=\"https:\/\/financas.uem.mz\/?page_id=27\" class=\"ekit_global_links\">\n                <!-- end link opening -->\n\n        <div class=\"elementskit-infobox text- text-left icon-lef-right-aligin elementor-animation- media gradient-active image-active hover_from_left\">\n                    <div class=\"elementskit-box-header elementor-animation-\">\n                <div class=\"elementskit-info-box-icon  text-center\">\n                    <i aria-hidden=\"true\" class=\"elementkit-infobox-icon icon icon-list-1\"><\/i>\n                <\/div>\n          <\/div>\n                        <div class=\"box-body\">\n                            <h1 class=\"elementskit-info-box-title\">\n                    Planos &amp; Modelos                <\/h1>\n                        \t\t  <p>Clique aqui para consultar os nossos planos e modelos<\/p>\n                                <\/div>\n        \n                    <figure class=\"image-hover\"><img fetchpriority=\"high\" decoding=\"async\" width=\"366\" height=\"198\" src=\"https:\/\/financas.uem.mz\/wp-content\/uploads\/2024\/11\/info-box-bg-image.png\" class=\"attachment- size-\" alt=\"\" srcset=\"https:\/\/financas.uem.mz\/wp-content\/uploads\/2024\/11\/info-box-bg-image.png 366w, https:\/\/financas.uem.mz\/wp-content\/uploads\/2024\/11\/info-box-bg-image-300x162.png 300w\" sizes=\"(max-width: 366px) 100vw, 366px\" \/><\/figure>        \n                <\/div>\n                <\/a>\n        <\/div>\t\t<\/div>\n\t\t\t\t<\/div>\n\t\t\t\t<\/div>\n\t\t<div class=\"elementor-element elementor-element-5284ccc e-con-full e-flex e-con e-child\" data-id=\"5284ccc\" data-element_type=\"container\">\n\t\t\t\t<div class=\"elementor-element elementor-element-23b4231 elementor-widget__width-initial ekit-equal-height-disable elementor-widget elementor-widget-elementskit-icon-box\" data-id=\"23b4231\" data-element_type=\"widget\" data-widget_type=\"elementskit-icon-box.default\">\n\t\t\t\t<div class=\"elementor-widget-container\">\n\t\t\t<div class=\"ekit-wid-con\" >        <!-- link opening -->\n                <a href=\"https:\/\/financas.uem.mz\/?page_id=28\" class=\"ekit_global_links\">\n                <!-- end link opening -->\n\n        <div class=\"elementskit-infobox text- text-left icon-lef-right-aligin elementor-animation- media gradient-active image-active hover_from_left\">\n                    <div class=\"elementskit-box-header elementor-animation-\">\n                <div class=\"elementskit-info-box-icon  text-center\">\n                    <i aria-hidden=\"true\" class=\"elementkit-infobox-icon icon icon-list-1\"><\/i>\n                <\/div>\n          <\/div>\n                        <div class=\"box-body\">\n                            <h3 class=\"elementskit-info-box-title\">\n                    Legisla\u00e7\u00e3o &amp; Pol\u00edticas Globais                <\/h3>\n                        \t\t  <p>Clique aqui para consultar as legisla\u00e7\u00f5es e pol\u00edticas globais<\/p>\n                                <\/div>\n        \n                    <figure class=\"image-hover\"><img fetchpriority=\"high\" decoding=\"async\" width=\"366\" height=\"198\" src=\"https:\/\/financas.uem.mz\/wp-content\/uploads\/2024\/11\/info-box-bg-image.png\" class=\"attachment- size-\" alt=\"\" srcset=\"https:\/\/financas.uem.mz\/wp-content\/uploads\/2024\/11\/info-box-bg-image.png 366w, https:\/\/financas.uem.mz\/wp-content\/uploads\/2024\/11\/info-box-bg-image-300x162.png 300w\" sizes=\"(max-width: 366px) 100vw, 366px\" \/><\/figure>        \n                <\/div>\n                <\/a>\n        <\/div>\t\t<\/div>\n\t\t\t\t<\/div>\n\t\t\t\t<\/div>\n\t\t<div class=\"elementor-element elementor-element-9e06964 e-con-full e-flex e-con e-child\" data-id=\"9e06964\" data-element_type=\"container\">\n\t\t\t\t<div class=\"elementor-element elementor-element-812824f elementor-widget__width-initial ekit-equal-height-disable elementor-widget elementor-widget-elementskit-icon-box\" data-id=\"812824f\" data-element_type=\"widget\" data-widget_type=\"elementskit-icon-box.default\">\n\t\t\t\t<div class=\"elementor-widget-container\">\n\t\t\t<div class=\"ekit-wid-con\" >        <!-- link opening -->\n                <a href=\"https:\/\/financas.uem.mz\/?page_id=29\" class=\"ekit_global_links\">\n                <!-- end link opening -->\n\n        <div class=\"elementskit-infobox text- text-left icon-lef-right-aligin elementor-animation- media gradient-active image-active hover_from_left\">\n                    <div class=\"elementskit-box-header elementor-animation-\">\n                <div class=\"elementskit-info-box-icon  text-center\">\n                    <i aria-hidden=\"true\" class=\"elementkit-infobox-icon icon icon-list-1\"><\/i>\n                <\/div>\n          <\/div>\n                        <div class=\"box-body\">\n                            <h3 class=\"elementskit-info-box-title\">\n                    Documentos Uteis                <\/h3>\n                        \t\t  <p>Clique aqui para consultar os nossos documentos \u00fateis<\/p>\n                                <\/div>\n        \n                    <figure class=\"image-hover\"><img fetchpriority=\"high\" decoding=\"async\" width=\"366\" height=\"198\" src=\"https:\/\/financas.uem.mz\/wp-content\/uploads\/2024\/11\/info-box-bg-image.png\" class=\"attachment- size-\" alt=\"\" srcset=\"https:\/\/financas.uem.mz\/wp-content\/uploads\/2024\/11\/info-box-bg-image.png 366w, https:\/\/financas.uem.mz\/wp-content\/uploads\/2024\/11\/info-box-bg-image-300x162.png 300w\" sizes=\"(max-width: 366px) 100vw, 366px\" \/><\/figure>        \n                <\/div>\n                <\/a>\n        <\/div>\t\t<\/div>\n\t\t\t\t<\/div>\n\t\t\t\t<\/div>\n\t\t\t\t\t<\/div>\n\t\t\t\t<\/div>\n\t\t\t\t<\/div>\n\t\t","protected":false},"excerpt":{"rendered":"<p>Bem vindos a Direc\u00e7\u00e3o de Finan\u00e7as &nbsp;O nosso objectivo priorit\u00e1rio \u00e9 servir a comunidade universit\u00e1ria de maneira eficiente, pontual e com cortesia na materializa\u00e7\u00e3o da vis\u00e3o e miss\u00e3o institucional. As [&hellip;]<\/p>\n","protected":false},"author":1,"featured_media":0,"parent":0,"menu_order":0,"comment_status":"closed","ping_status":"closed","template":"","meta":{"site-sidebar-layout":"no-sidebar","site-content-layout":"plain-container","ast-site-content-layout":"","site-content-style":"default","site-sidebar-style":"default","ast-global-header-display":"","ast-banner-title-visibility":"","ast-main-header-display":"","ast-hfb-above-header-display":"","ast-hfb-below-header-display":"","ast-hfb-mobile-header-display":"","site-post-title":"disabled","ast-breadcrumbs-content":"","ast-featured-img":"","footer-sml-layout":"","theme-transparent-header-meta":"enabled","adv-header-id-meta":"","stick-header-meta":"","header-above-stick-meta":"","header-main-stick-meta":"","header-below-stick-meta":"","astra-migrate-meta-layouts":"default","ast-page-background-enabled":"default","ast-page-background-meta":{"desktop":{"background-color":"var(--ast-global-color-4)","background-image":"","background-repeat":"repeat","background-position":"center center","background-size":"auto","background-attachment":"scroll","background-type":"","background-media":"","overlay-type":"","overlay-color":"","overlay-opacity":"","overlay-gradient":""},"tablet":{"background-color":"","background-image":"","background-repeat":"repeat","background-position":"center center","background-size":"auto","background-attachment":"scroll","background-type":"","background-media":"","overlay-type":"","overlay-color":"","overlay-opacity":"","overlay-gradient":""},"mobile":{"background-color":"","background-image":"","background-repeat":"repeat","background-position":"center center","background-size":"auto","background-attachment":"scroll","background-type":"","background-media":"","overlay-type":"","overlay-color":"","overlay-opacity":"","overlay-gradient":""}},"ast-content-background-meta":{"desktop":{"background-color":"var(--ast-global-color-5)","background-image":"","background-repeat":"repeat","background-position":"center center","background-size":"auto","background-attachment":"scroll","background-type":"","background-media":"","overlay-type":"","overlay-color":"","overlay-opacity":"","overlay-gradient":""},"tablet":{"background-color":"var(--ast-global-color-5)","background-image":"","background-repeat":"repeat","background-position":"center center","background-size":"auto","background-attachment":"scroll","background-type":"","background-media":"","overlay-type":"","overlay-color":"","overlay-opacity":"","overlay-gradient":""},"mobile":{"background-color":"var(--ast-global-color-5)","background-image":"","background-repeat":"repeat","background-position":"center center","background-size":"auto","background-attachment":"scroll","background-type":"","background-media":"","overlay-type":"","overlay-color":"","overlay-opacity":"","overlay-gradient":""}},"footnotes":""},"class_list":["post-25","page","type-page","status-publish","hentry"],"_links":{"self":[{"href":"https:\/\/financas.uem.mz\/index.php?rest_route=\/wp\/v2\/pages\/25","targetHints":{"allow":["GET"]}}],"collection":[{"href":"https:\/\/financas.uem.mz\/index.php?rest_route=\/wp\/v2\/pages"}],"about":[{"href":"https:\/\/financas.uem.mz\/index.php?rest_route=\/wp\/v2\/types\/page"}],"author":[{"embeddable":true,"href":"https:\/\/financas.uem.mz\/index.php?rest_route=\/wp\/v2\/users\/1"}],"replies":[{"embeddable":true,"href":"https:\/\/financas.uem.mz\/index.php?rest_route=%2Fwp%2Fv2%2Fcomments&post=25"}],"version-history":[{"count":39,"href":"https:\/\/financas.uem.mz\/index.php?rest_route=\/wp\/v2\/pages\/25\/revisions"}],"predecessor-version":[{"id":392,"href":"https:\/\/financas.uem.mz\/index.php?rest_route=\/wp\/v2\/pages\/25\/revisions\/392"}],"wp:attachment":[{"href":"https:\/\/financas.uem.mz\/index.php?rest_route=%2Fwp%2Fv2%2Fmedia&parent=25"}],"curies":[{"name":"wp","href":"https:\/\/api.w.org\/{rel}","templated":true}]}}