{"id":75,"date":"2024-11-28T08:50:17","date_gmt":"2024-11-28T08:50:17","guid":{"rendered":"https:\/\/financas.uem.mz\/?page_id=75"},"modified":"2024-11-30T23:50:08","modified_gmt":"2024-11-30T23:50:08","slug":"objectivos","status":"publish","type":"page","link":"https:\/\/financas.uem.mz\/?page_id=75","title":{"rendered":"Objectivos"},"content":{"rendered":"\t\t<div data-elementor-type=\"wp-page\" data-elementor-id=\"75\" class=\"elementor elementor-75\">\n\t\t\t\t<div class=\"elementor-element elementor-element-513c761 e-flex e-con-boxed e-con e-parent\" data-id=\"513c761\" data-element_type=\"container\">\n\t\t\t\t\t<div class=\"e-con-inner\">\n\t\t\t\t<div class=\"elementor-element elementor-element-20280f7 elementor-widget elementor-widget-heading\" data-id=\"20280f7\" data-element_type=\"widget\" data-widget_type=\"heading.default\">\n\t\t\t\t<div class=\"elementor-widget-container\">\n\t\t\t<h3 class=\"elementor-heading-title elementor-size-default\">OBJECTIVOS<\/h3>\t\t<\/div>\n\t\t\t\t<\/div>\n\t\t\t\t\t<\/div>\n\t\t\t\t<\/div>\n\t\t<div class=\"elementor-element elementor-element-4236361 e-flex e-con-boxed e-con e-parent\" data-id=\"4236361\" data-element_type=\"container\">\n\t\t\t\t\t<div class=\"e-con-inner\">\n\t\t\t\t<div class=\"elementor-element elementor-element-590d885 elementor-widget elementor-widget-spacer\" data-id=\"590d885\" data-element_type=\"widget\" data-widget_type=\"spacer.default\">\n\t\t\t\t<div class=\"elementor-widget-container\">\n\t\t\t\t\t<div class=\"elementor-spacer\">\n\t\t\t<div class=\"elementor-spacer-inner\"><\/div>\n\t\t<\/div>\n\t\t\t\t<\/div>\n\t\t\t\t<\/div>\n\t\t\t\t\t<\/div>\n\t\t\t\t<\/div>\n\t\t<div class=\"elementor-element elementor-element-4554c03 e-grid e-con-boxed e-con e-parent\" data-id=\"4554c03\" data-element_type=\"container\">\n\t\t\t\t\t<div class=\"e-con-inner\">\n\t\t<div class=\"elementor-element elementor-element-4e390d2 e-con-full e-flex e-con e-child\" data-id=\"4e390d2\" data-element_type=\"container\">\n\t\t\t\t<div class=\"elementor-element elementor-element-f3a88ce ekit-equal-height-enable elementor-widget elementor-widget-elementskit-icon-box\" data-id=\"f3a88ce\" data-element_type=\"widget\" data-widget_type=\"elementskit-icon-box.default\">\n\t\t\t\t<div class=\"elementor-widget-container\">\n\t\t\t<div class=\"ekit-wid-con\" >        <!-- link opening -->\n                <a href=\"#\" class=\"ekit_global_links\">\n                <!-- end link opening -->\n\n        <div class=\"elementskit-infobox text-center text-center icon-top-align elementor-animation-   \">\n                    <div class=\"elementskit-box-header elementor-animation-\">\n                <div class=\"elementskit-info-box-icon  \">\n                    <svg xmlns=\"http:\/\/www.w3.org\/2000\/svg\" viewBox=\"0 0 256 256\"><rect fill=\"none\" height=\"256\" width=\"256\"><\/rect><path d=\"M128,24A104,104,0,1,0,232,128,104.2,104.2,0,0,0,128,24Zm12,152a8,8,0,0,1-16,0V98.9l-11.6,7.8a8,8,0,0,1-8.8-13.4l24-16a8.3,8.3,0,0,1,8.2-.4A8,8,0,0,1,140,84Z\"><\/path><\/svg>\n                <\/div>\n          <\/div>\n                        <div class=\"box-body\">\n                        \t\t  <p>Fornecer servi\u00e7os de gest\u00e3o de recursos financeiros de excel\u00eancia, de uma maneira eficiente e eficaz em favor da Miss\u00e3o e Vis\u00e3o da Universidade Eduardo Mondlane;<\/p>\n                                <\/div>\n        \n        <div class=\"icon-hover\">\n            <i aria-hidden=\"true\" class=\"icon icon-review\"><\/i>        <\/div>\n\n        \n        \n                <\/div>\n                <\/a>\n        <\/div>\t\t<\/div>\n\t\t\t\t<\/div>\n\t\t\t\t<\/div>\n\t\t<div class=\"elementor-element elementor-element-9989fa9 e-con-full e-flex e-con e-child\" data-id=\"9989fa9\" data-element_type=\"container\">\n\t\t\t\t<div class=\"elementor-element elementor-element-a4094f2 ekit-equal-height-enable elementor-widget elementor-widget-elementskit-icon-box\" data-id=\"a4094f2\" data-element_type=\"widget\" data-widget_type=\"elementskit-icon-box.default\">\n\t\t\t\t<div class=\"elementor-widget-container\">\n\t\t\t<div class=\"ekit-wid-con\" >        <!-- link opening -->\n                <a href=\"#\" class=\"ekit_global_links\">\n                <!-- end link opening -->\n\n        <div class=\"elementskit-infobox text-center text-center icon-top-align elementor-animation-   \">\n                    <div class=\"elementskit-box-header elementor-animation-\">\n                <div class=\"elementskit-info-box-icon  \">\n                    <svg xmlns=\"http:\/\/www.w3.org\/2000\/svg\" viewBox=\"0 0 256 256\"><rect fill=\"none\" height=\"256\" width=\"256\"><\/rect><path d=\"M128,24A104,104,0,1,0,232,128,104.2,104.2,0,0,0,128,24Zm24,144a8,8,0,0,1,0,16H104a7.3,7.3,0,0,1-2.5-.4A8,8,0,0,1,96,176a7.5,7.5,0,0,1,1.7-4.9l43.7-58.3A16,16,0,0,0,128,88a15.9,15.9,0,0,0-14.7,9.8,8,8,0,0,1-14.8-6.3,32,32,0,1,1,56,30.4l-.2.3L120,168Z\"><\/path><\/svg>\n                <\/div>\n          <\/div>\n                        <div class=\"box-body\">\n                        \t\t  <p>Mobilizar fundos para o financiamento dos planos e projectos instituicionais, de quatro fontes: Or\u00e7amento do Estado; Doa\u00e7\u00f5es; Cr\u00e9dito; e Receitas Pr\u00f3prias.<\/p>\n                                <\/div>\n        \n        <div class=\"icon-hover\">\n            <i aria-hidden=\"true\" class=\"icon icon-review\"><\/i>        <\/div>\n\n        \n        \n                <\/div>\n                <\/a>\n        <\/div>\t\t<\/div>\n\t\t\t\t<\/div>\n\t\t\t\t<\/div>\n\t\t<div class=\"elementor-element elementor-element-fe35349 e-con-full e-flex e-con e-child\" data-id=\"fe35349\" data-element_type=\"container\">\n\t\t\t\t<div class=\"elementor-element elementor-element-a85a3e1 ekit-equal-height-enable elementor-widget elementor-widget-elementskit-icon-box\" data-id=\"a85a3e1\" data-element_type=\"widget\" data-widget_type=\"elementskit-icon-box.default\">\n\t\t\t\t<div class=\"elementor-widget-container\">\n\t\t\t<div class=\"ekit-wid-con\" >        <!-- link opening -->\n                <a href=\"#\" class=\"ekit_global_links\">\n                <!-- end link opening -->\n\n        <div class=\"elementskit-infobox text-center text- icon-top-align elementor-animation-   \">\n                    <div class=\"elementskit-box-header elementor-animation-\">\n                <div class=\"elementskit-info-box-icon  \">\n                    <svg xmlns=\"http:\/\/www.w3.org\/2000\/svg\" viewBox=\"0 0 256 256\"><rect fill=\"none\" height=\"256\" width=\"256\"><\/rect><path d=\"M128,24A104,104,0,1,0,232,128,104.2,104.2,0,0,0,128,24Zm21.5,153.5a36.2,36.2,0,0,1-51,0,8.1,8.1,0,0,1,11.4-11.4A19.9,19.9,0,1,0,124,132a8.1,8.1,0,0,1-7.1-4.3,8,8,0,0,1,.5-8.3L136.6,92H104a8,8,0,0,1,0-16h48a8.1,8.1,0,0,1,7.1,4.3,8,8,0,0,1-.5,8.3l-21.1,30a37.9,37.9,0,0,1,12,7.9,36.2,36.2,0,0,1,0,51Z\"><\/path><\/svg>\n                <\/div>\n          <\/div>\n                        <div class=\"box-body\">\n                        \t\t  <p>Garantir o cumprimento das directrizes financeiras, servi\u00e7os e planos, e as v\u00e1rias pol\u00edticas e procedimentos na planifica\u00e7\u00e3o e execu\u00e7\u00e3o dos recursos disponibilizados;<\/p>\n                                <\/div>\n        \n        <div class=\"icon-hover\">\n            <i aria-hidden=\"true\" class=\"icon icon-review\"><\/i>        <\/div>\n\n        \n        \n                <\/div>\n                <\/a>\n        <\/div>\t\t<\/div>\n\t\t\t\t<\/div>\n\t\t\t\t<\/div>\n\t\t<div class=\"elementor-element elementor-element-9ff3b65 e-con-full e-flex e-con e-child\" data-id=\"9ff3b65\" data-element_type=\"container\">\n\t\t\t\t<div class=\"elementor-element elementor-element-46075d7 ekit-equal-height-enable elementor-widget elementor-widget-elementskit-icon-box\" data-id=\"46075d7\" data-element_type=\"widget\" data-widget_type=\"elementskit-icon-box.default\">\n\t\t\t\t<div class=\"elementor-widget-container\">\n\t\t\t<div class=\"ekit-wid-con\" >        <!-- link opening -->\n                <a href=\"#\" class=\"ekit_global_links\">\n                <!-- end link opening -->\n\n        <div class=\"elementskit-infobox text-center text- icon-top-align elementor-animation-   \">\n                    <div class=\"elementskit-box-header elementor-animation-\">\n                <div class=\"elementskit-info-box-icon  \">\n                    <svg xmlns=\"http:\/\/www.w3.org\/2000\/svg\" viewBox=\"0 0 256 256\"><rect fill=\"none\" height=\"256\" width=\"256\"><\/rect><path d=\"M128,24A104,104,0,1,0,232,128,104.2,104.2,0,0,0,128,24Zm28,152a8,8,0,0,1-16,0V152H100a8,8,0,0,1-6.5-3.4,7.9,7.9,0,0,1-1-7.3l24-68a8,8,0,0,1,15,5.4L111.3,136H140V112a8,8,0,0,1,16,0Z\"><\/path><\/svg>\n                <\/div>\n          <\/div>\n                        <div class=\"box-body\">\n                        \t\t  <p>Monitorar e rever criticamente os servi\u00e7os fornecidos aos \u00f3rg\u00e3os dentro da Universidade, com objectivo de assegurar a efici\u00eancia dos servi\u00e7os fornecidos, e desenvolver estes servi\u00e7os em parceria com a comunidade universit\u00e1ria e outros intervenientes da Universidade Eduardo Mondlane;<\/p>\n                                <\/div>\n        \n        <div class=\"icon-hover\">\n            <i aria-hidden=\"true\" class=\"icon icon-review\"><\/i>        <\/div>\n\n        \n        \n                <\/div>\n                <\/a>\n        <\/div>\t\t<\/div>\n\t\t\t\t<\/div>\n\t\t\t\t<\/div>\n\t\t<div class=\"elementor-element elementor-element-eabd833 e-con-full e-flex e-con e-child\" data-id=\"eabd833\" data-element_type=\"container\">\n\t\t\t\t<div class=\"elementor-element elementor-element-38723e2 ekit-equal-height-enable elementor-widget elementor-widget-elementskit-icon-box\" data-id=\"38723e2\" data-element_type=\"widget\" data-widget_type=\"elementskit-icon-box.default\">\n\t\t\t\t<div class=\"elementor-widget-container\">\n\t\t\t<div class=\"ekit-wid-con\" >        <!-- link opening -->\n                <a href=\"#\" class=\"ekit_global_links\">\n                <!-- end link opening -->\n\n        <div class=\"elementskit-infobox text-center text-center icon-top-align elementor-animation-   \">\n                    <div class=\"elementskit-box-header elementor-animation-\">\n                <div class=\"elementskit-info-box-icon  \">\n                    <svg xmlns=\"http:\/\/www.w3.org\/2000\/svg\" viewBox=\"0 0 256 256\"><rect fill=\"none\" height=\"256\" width=\"256\"><\/rect><path d=\"M128,24A104,104,0,1,0,232,128,104.2,104.2,0,0,0,128,24Zm-4.1,92a36,36,0,1,1-25.5,61.5,8,8,0,1,1,11.2-11.4,20.1,20.1,0,0,0,14.3,5.9,19.9,19.9,0,0,0,14.2-5.9,19.8,19.8,0,0,0,0-28.2,19.9,19.9,0,0,0-14.2-5.9,20.1,20.1,0,0,0-14.3,5.9,8,8,0,0,1-13.5-7l7.8-48.2a8,8,0,0,1,7.9-6.7H152a8,8,0,0,1,0,16H118.6l-4.1,25.2A37.3,37.3,0,0,1,123.9,116Z\"><\/path><\/svg>\n                <\/div>\n          <\/div>\n                        <div class=\"box-body\">\n                        \t\t  <p>Mobilizar fundos para o financiamento dos planos e projectos instituicionais, de quatro fontes:\nOr\u00e7amento do Estado;\nDoa\u00e7\u00f5es;\nCr\u00e9dito; e\nReceitas Pr\u00f3prias.<\/p>\n                                <\/div>\n        \n        <div class=\"icon-hover\">\n            <i aria-hidden=\"true\" class=\"icon icon-review\"><\/i>        <\/div>\n\n        \n        \n                <\/div>\n                <\/a>\n        <\/div>\t\t<\/div>\n\t\t\t\t<\/div>\n\t\t\t\t<\/div>\n\t\t<div class=\"elementor-element elementor-element-a67fcd5 e-con-full e-flex e-con e-child\" data-id=\"a67fcd5\" data-element_type=\"container\">\n\t\t\t\t<div class=\"elementor-element elementor-element-1290bdc ekit-equal-height-enable elementor-widget elementor-widget-elementskit-icon-box\" data-id=\"1290bdc\" data-element_type=\"widget\" data-widget_type=\"elementskit-icon-box.default\">\n\t\t\t\t<div class=\"elementor-widget-container\">\n\t\t\t<div class=\"ekit-wid-con\" >        <!-- link opening -->\n                <a href=\"#\" class=\"ekit_global_links\">\n                <!-- end link opening -->\n\n        <div class=\"elementskit-infobox text-center text-center icon-top-align elementor-animation-   \">\n                    <div class=\"elementskit-box-header elementor-animation-\">\n                <div class=\"elementskit-info-box-icon  \">\n                    <svg xmlns=\"http:\/\/www.w3.org\/2000\/svg\" viewBox=\"0 0 256 256\"><rect fill=\"none\" height=\"256\" width=\"256\"><\/rect><path d=\"M148,144a20,20,0,1,1-20-20A20.1,20.1,0,0,1,148,144Zm84-16A104,104,0,1,1,128,24,104.2,104.2,0,0,1,232,128Zm-68,16a36,36,0,0,0-36-36h-1.8l16.7-27.9a8,8,0,1,0-13.8-8.2l-32.2,54-.3.6A36,36,0,1,0,164,144Z\"><\/path><\/svg>\n                <\/div>\n          <\/div>\n                        <div class=\"box-body\">\n                        \t\t  <p>Garantir a correcta planifica\u00e7\u00e3o de actividades, tomando em considera\u00e7\u00e3o os recursos pass\u00edveis de mobiliza\u00e7\u00e3o, assegurando a estabilidade e o fortalecimento da condi\u00e7\u00e3o financeira da UEM;<\/p>\n                                <\/div>\n        \n        <div class=\"icon-hover\">\n            <i aria-hidden=\"true\" class=\"icon icon-review\"><\/i>        <\/div>\n\n        \n        \n                <\/div>\n                <\/a>\n        <\/div>\t\t<\/div>\n\t\t\t\t<\/div>\n\t\t\t\t<\/div>\n\t\t<div class=\"elementor-element elementor-element-c80bc58 e-con-full e-flex e-con e-child\" data-id=\"c80bc58\" data-element_type=\"container\">\n\t\t\t\t<div class=\"elementor-element elementor-element-27e518e ekit-equal-height-enable elementor-widget elementor-widget-elementskit-icon-box\" data-id=\"27e518e\" data-element_type=\"widget\" data-widget_type=\"elementskit-icon-box.default\">\n\t\t\t\t<div class=\"elementor-widget-container\">\n\t\t\t<div class=\"ekit-wid-con\" >        <!-- link opening -->\n                <a href=\"#\" class=\"ekit_global_links\">\n                <!-- end link opening -->\n\n        <div class=\"elementskit-infobox text-center text-center icon-top-align elementor-animation-   \">\n                    <div class=\"elementskit-box-header elementor-animation-\">\n                <div class=\"elementskit-info-box-icon  \">\n                    <svg xmlns=\"http:\/\/www.w3.org\/2000\/svg\" viewBox=\"0 0 256 256\"><rect fill=\"none\" height=\"256\" width=\"256\"><\/rect><path d=\"M128,24A104,104,0,1,0,232,128,104.2,104.2,0,0,0,128,24Zm31.6,62.5-32,96A7.9,7.9,0,0,1,120,188a7.3,7.3,0,0,1-2.5-.4,8,8,0,0,1-5.1-10.1L140.9,92H104a8,8,0,0,1,0-16h48a7.9,7.9,0,0,1,6.5,3.3A8.1,8.1,0,0,1,159.6,86.5Z\"><\/path><\/svg>\n                <\/div>\n          <\/div>\n                        <div class=\"box-body\">\n                        \t\t  <p>Assegurar a prepara\u00e7\u00e3o e implementa\u00e7\u00e3o das pol\u00edticas de natureza financeira, e garantir que todos os aspectos de actividades di\u00e1rias das unidades org\u00e2nicas, estejam em linha com as pol\u00edticas e procedimentos estabelecidos;<\/p>\n                                <\/div>\n        \n        <div class=\"icon-hover\">\n            <i aria-hidden=\"true\" class=\"icon icon-review\"><\/i>        <\/div>\n\n        \n        \n                <\/div>\n                <\/a>\n        <\/div>\t\t<\/div>\n\t\t\t\t<\/div>\n\t\t\t\t<\/div>\n\t\t<div class=\"elementor-element elementor-element-58ac6bb e-con-full e-flex e-con e-child\" data-id=\"58ac6bb\" data-element_type=\"container\">\n\t\t\t\t<div class=\"elementor-element elementor-element-ea87bb4 ekit-equal-height-enable elementor-widget elementor-widget-elementskit-icon-box\" data-id=\"ea87bb4\" data-element_type=\"widget\" data-widget_type=\"elementskit-icon-box.default\">\n\t\t\t\t<div class=\"elementor-widget-container\">\n\t\t\t<div class=\"ekit-wid-con\" >        <!-- link opening -->\n                <a href=\"#\" class=\"ekit_global_links\">\n                <!-- end link opening -->\n\n        <div class=\"elementskit-infobox text-center text-center icon-top-align elementor-animation-   \">\n                    <div class=\"elementskit-box-header elementor-animation-\">\n                <div class=\"elementskit-info-box-icon  \">\n                    <svg xmlns=\"http:\/\/www.w3.org\/2000\/svg\" viewBox=\"0 0 256 256\"><rect fill=\"none\" height=\"256\" width=\"256\"><\/rect><path d=\"M128,24A104,104,0,1,0,232,128,104.2,104.2,0,0,0,128,24Zm24,150a33.9,33.9,0,1,1-48-48,26.6,26.6,0,0,1,3.1-2.6l-.3-.2a29.9,29.9,0,0,1,0-42.4c11.3-11.3,31.1-11.3,42.4,0a29.9,29.9,0,0,1,0,42.4l-.3.2A26.6,26.6,0,0,1,152,126a33.8,33.8,0,0,1,0,48Z\"><\/path><path d=\"M137.9,111.9a14,14,0,1,0-19.8,0A14.3,14.3,0,0,0,137.9,111.9Z\"><\/path><path d=\"M128,132a18,18,0,0,0-12.7,30.7,18.4,18.4,0,0,0,25.4,0A18,18,0,0,0,128,132Z\"><\/path><\/svg>\n                <\/div>\n          <\/div>\n                        <div class=\"box-body\">\n                        \t\t  <p>Fornecer informa\u00e7\u00e3o actualizada de gest\u00e3o financeira, e aconselhar a comunidade universit\u00e1ria e os parceiros, sobre as implica\u00e7\u00f5es financeiras das decis\u00f5es das pol\u00edticas internas e externas relevantes \u00e0 Universidade Eduardo Mondlane;<\/p>\n                                <\/div>\n        \n        <div class=\"icon-hover\">\n            <i aria-hidden=\"true\" class=\"icon icon-review\"><\/i>        <\/div>\n\n        \n        \n                <\/div>\n                <\/a>\n        <\/div>\t\t<\/div>\n\t\t\t\t<\/div>\n\t\t\t\t<\/div>\n\t\t<div class=\"elementor-element elementor-element-b606005 e-con-full e-flex e-con e-child\" data-id=\"b606005\" data-element_type=\"container\">\n\t\t\t\t<div class=\"elementor-element elementor-element-443a0a0 ekit-equal-height-enable elementor-widget elementor-widget-elementskit-icon-box\" data-id=\"443a0a0\" data-element_type=\"widget\" data-widget_type=\"elementskit-icon-box.default\">\n\t\t\t\t<div class=\"elementor-widget-container\">\n\t\t\t<div class=\"ekit-wid-con\" >        <!-- link opening -->\n                <a href=\"#\" class=\"ekit_global_links\">\n                <!-- end link opening -->\n\n        <div class=\"elementskit-infobox text-center text-center icon-top-align elementor-animation-   \">\n                    <div class=\"elementskit-box-header elementor-animation-\">\n                <div class=\"elementskit-info-box-icon  \">\n                    <svg xmlns=\"http:\/\/www.w3.org\/2000\/svg\" viewBox=\"0 0 256 256\"><rect fill=\"none\" height=\"256\" width=\"256\"><\/rect><path d=\"M148,112a20,20,0,1,1-20-20A20.1,20.1,0,0,1,148,112Zm84,16A104,104,0,1,1,128,24,104.2,104.2,0,0,1,232,128Zm-68-16a36,36,0,1,0-36,36h1.8l-16.7,27.9a8.1,8.1,0,0,0,2.8,11A8.7,8.7,0,0,0,120,188a8.1,8.1,0,0,0,6.9-3.9l32.2-54,.3-.5A36,36,0,0,0,164,112Z\"><\/path><\/svg>\n                <\/div>\n          <\/div>\n                        <div class=\"box-body\">\n                        \t\t  <p>Ajudar no estabelecimento e implementa\u00e7\u00e3o de padr\u00f5es de administra\u00e7\u00e3o financeira e controle para a universidade;<\/p>\n                                <\/div>\n        \n        <div class=\"icon-hover\">\n            <i aria-hidden=\"true\" class=\"icon icon-review\"><\/i>        <\/div>\n\n        \n        \n                <\/div>\n                <\/a>\n        <\/div>\t\t<\/div>\n\t\t\t\t<\/div>\n\t\t\t\t<\/div>\n\t\t\t\t\t<\/div>\n\t\t\t\t<\/div>\n\t\t<div class=\"elementor-element elementor-element-cb73793 e-flex e-con-boxed e-con e-parent\" data-id=\"cb73793\" data-element_type=\"container\">\n\t\t\t\t\t<div class=\"e-con-inner\">\n\t\t\t\t<div class=\"elementor-element elementor-element-8d86989 elementor-widget elementor-widget-spacer\" data-id=\"8d86989\" data-element_type=\"widget\" data-widget_type=\"spacer.default\">\n\t\t\t\t<div class=\"elementor-widget-container\">\n\t\t\t\t\t<div class=\"elementor-spacer\">\n\t\t\t<div class=\"elementor-spacer-inner\"><\/div>\n\t\t<\/div>\n\t\t\t\t<\/div>\n\t\t\t\t<\/div>\n\t\t\t\t\t<\/div>\n\t\t\t\t<\/div>\n\t\t\t\t<\/div>\n\t\t","protected":false},"excerpt":{"rendered":"<p>OBJECTIVOS Fornecer servi\u00e7os de gest\u00e3o de recursos financeiros de excel\u00eancia, de uma maneira eficiente e eficaz em favor da Miss\u00e3o e Vis\u00e3o da Universidade Eduardo Mondlane; Mobilizar fundos para o [&hellip;]<\/p>\n","protected":false},"author":2,"featured_media":0,"parent":0,"menu_order":0,"comment_status":"closed","ping_status":"closed","template":"","meta":{"site-sidebar-layout":"no-sidebar","site-content-layout":"","ast-site-content-layout":"full-width-container","site-content-style":"default","site-sidebar-style":"default","ast-global-header-display":"","ast-banner-title-visibility":"","ast-main-header-display":"","ast-hfb-above-header-display":"","ast-hfb-below-header-display":"","ast-hfb-mobile-header-display":"","site-post-title":"disabled","ast-breadcrumbs-content":"","ast-featured-img":"disabled","footer-sml-layout":"","theme-transparent-header-meta":"","adv-header-id-meta":"","stick-header-meta":"","header-above-stick-meta":"","header-main-stick-meta":"","header-below-stick-meta":"","astra-migrate-meta-layouts":"default","ast-page-background-enabled":"default","ast-page-background-meta":{"desktop":{"background-color":"var(--ast-global-color-4)","background-image":"","background-repeat":"repeat","background-position":"center center","background-size":"auto","background-attachment":"scroll","background-type":"","background-media":"","overlay-type":"","overlay-color":"","overlay-opacity":"","overlay-gradient":""},"tablet":{"background-color":"","background-image":"","background-repeat":"repeat","background-position":"center center","background-size":"auto","background-attachment":"scroll","background-type":"","background-media":"","overlay-type":"","overlay-color":"","overlay-opacity":"","overlay-gradient":""},"mobile":{"background-color":"","background-image":"","background-repeat":"repeat","background-position":"center center","background-size":"auto","background-attachment":"scroll","background-type":"","background-media":"","overlay-type":"","overlay-color":"","overlay-opacity":"","overlay-gradient":""}},"ast-content-background-meta":{"desktop":{"background-color":"var(--ast-global-color-5)","background-image":"","background-repeat":"repeat","background-position":"center center","background-size":"auto","background-attachment":"scroll","background-type":"","background-media":"","overlay-type":"","overlay-color":"","overlay-opacity":"","overlay-gradient":""},"tablet":{"background-color":"var(--ast-global-color-5)","background-image":"","background-repeat":"repeat","background-position":"center center","background-size":"auto","background-attachment":"scroll","background-type":"","background-media":"","overlay-type":"","overlay-color":"","overlay-opacity":"","overlay-gradient":""},"mobile":{"background-color":"var(--ast-global-color-5)","background-image":"","background-repeat":"repeat","background-position":"center center","background-size":"auto","background-attachment":"scroll","background-type":"","background-media":"","overlay-type":"","overlay-color":"","overlay-opacity":"","overlay-gradient":""}},"footnotes":""},"class_list":["post-75","page","type-page","status-publish","hentry"],"_links":{"self":[{"href":"https:\/\/financas.uem.mz\/index.php?rest_route=\/wp\/v2\/pages\/75","targetHints":{"allow":["GET"]}}],"collection":[{"href":"https:\/\/financas.uem.mz\/index.php?rest_route=\/wp\/v2\/pages"}],"about":[{"href":"https:\/\/financas.uem.mz\/index.php?rest_route=\/wp\/v2\/types\/page"}],"author":[{"embeddable":true,"href":"https:\/\/financas.uem.mz\/index.php?rest_route=\/wp\/v2\/users\/2"}],"replies":[{"embeddable":true,"href":"https:\/\/financas.uem.mz\/index.php?rest_route=%2Fwp%2Fv2%2Fcomments&post=75"}],"version-history":[{"count":31,"href":"https:\/\/financas.uem.mz\/index.php?rest_route=\/wp\/v2\/pages\/75\/revisions"}],"predecessor-version":[{"id":365,"href":"https:\/\/financas.uem.mz\/index.php?rest_route=\/wp\/v2\/pages\/75\/revisions\/365"}],"wp:attachment":[{"href":"https:\/\/financas.uem.mz\/index.php?rest_route=%2Fwp%2Fv2%2Fmedia&parent=75"}],"curies":[{"name":"wp","href":"https:\/\/api.w.org\/{rel}","templated":true}]}}